{"id":3827,"date":"2025-03-29T10:32:50","date_gmt":"2025-03-29T09:32:50","guid":{"rendered":"https:\/\/pabano.com\/?post_type=product&#038;p=3827"},"modified":"2025-12-09T12:27:49","modified_gmt":"2025-12-09T11:27:49","slug":"soporte-universal","status":"publish","type":"product","link":"https:\/\/pabano.com\/pt\/produto\/soporte-universal\/","title":{"rendered":"Suporte Universal"},"content":{"rendered":"<p>Asegure la estabilidad y funcionalidad \u00f3ptima de su mampara de ba\u00f1o con nuestro Soporte Universal. La soluci\u00f3n ideal para una fijaci\u00f3n robusta y vers\u00e1til, dise\u00f1ada para ofrecerle tranquilidad y un rendimiento duradero en su espacio de ducha.<\/p>\n<ul>\n<li>Compatibilidad universal con diversas mamparas.<\/li>\n<li>Fabricado con materiales de alta resistencia y durabilidad.<\/li>\n<li>Dise\u00f1o robusto para una sujeci\u00f3n firme y segura.<\/li>\n<li>F\u00e1cil instalaci\u00f3n y ajuste sin complicaciones.<\/li>\n<\/ul>\n<p>Este soporte es crucial para mantener su mampara estable, evitando movimientos indeseados y prolongando su vida \u00fatil. Es perfecto para instalaciones nuevas o como reemplazo de piezas desgastadas, garantizando seguridad y un ajuste preciso en todo momento.<\/p>\n<p>Construido para durar, este componente es esencial para el mantenimiento y la mejora de su ba\u00f1o. Un imprescindible en el cat\u00e1logo de repuestos para mamparas, asegurando la integridad y el correcto funcionamiento de su instalaci\u00f3n.<\/p>","protected":false},"excerpt":{"rendered":"<p>Se voc\u00ea precisa de um suporte para sua tela que n\u00e3o seja da Paba\u00f1o<\/p>\n<p>N\u00c3O SE PREOCUPE!<\/p>\n<p>Solicite &quot;Mais informa\u00e7\u00f5es&quot; para entrar em contato com nossa equipe e fornecer detalhes do seu dispositivo (marca, modelo, medidas e at\u00e9 fotos). Gra\u00e7as a essas informa\u00e7\u00f5es, podemos lhe entregar sua pe\u00e7a de reposi\u00e7\u00e3o, independentemente da marca, num piscar de olhos.<\/p>\n<a href=\"https:\/\/pabano.com\/pt\/contacto\/?producto=Repuestos\" class=\"button primary is-primary is-medium\" >\n\t\t<span>Mais informa\u00e7\u00f5es<\/span>\n\t<\/a>","protected":false},"featured_media":3860,"comment_status":"closed","ping_status":"closed","template":"","meta":[],"product_brand":[],"product_cat":[63,310],"product_tag":[],"class_list":{"0":"post-3827","1":"product","2":"type-product","3":"status-publish","4":"has-post-thumbnail","6":"product_cat-products","7":"product_cat-soportes-mampara","9":"first","10":"onbackorder","11":"taxable","12":"shipping-taxable","13":"product-type-simple"},"_links":{"self":[{"href":"https:\/\/pabano.com\/pt\/wp-json\/wp\/v2\/product\/3827","targetHints":{"allow":["GET"]}}],"collection":[{"href":"https:\/\/pabano.com\/pt\/wp-json\/wp\/v2\/product"}],"about":[{"href":"https:\/\/pabano.com\/pt\/wp-json\/wp\/v2\/types\/product"}],"replies":[{"embeddable":true,"href":"https:\/\/pabano.com\/pt\/wp-json\/wp\/v2\/comments?post=3827"}],"wp:featuredmedia":[{"embeddable":true,"href":"https:\/\/pabano.com\/pt\/wp-json\/wp\/v2\/media\/3860"}],"wp:attachment":[{"href":"https:\/\/pabano.com\/pt\/wp-json\/wp\/v2\/media?parent=3827"}],"wp:term":[{"taxonomy":"product_brand","embeddable":true,"href":"https:\/\/pabano.com\/pt\/wp-json\/wp\/v2\/product_brand?post=3827"},{"taxonomy":"product_cat","embeddable":true,"href":"https:\/\/pabano.com\/pt\/wp-json\/wp\/v2\/product_cat?post=3827"},{"taxonomy":"product_tag","embeddable":true,"href":"https:\/\/pabano.com\/pt\/wp-json\/wp\/v2\/product_tag?post=3827"}],"curies":[{"name":"wp","href":"https:\/\/api.w.org\/{rel}","templated":true}]}}