{"id":3829,"date":"2025-03-29T10:33:23","date_gmt":"2025-03-29T09:33:23","guid":{"rendered":"https:\/\/pabano.com\/?post_type=product&#038;p=3829"},"modified":"2025-12-09T12:27:48","modified_gmt":"2025-12-09T11:27:48","slug":"tirador-universal","status":"publish","type":"product","link":"https:\/\/pabano.com\/pt\/produto\/tirador-universal\/","title":{"rendered":"Al\u00e7a universal"},"content":{"rendered":"<p>Renueve la funcionalidad y est\u00e9tica de su mampara de ba\u00f1o con nuestro Tirador Universal. Dise\u00f1ado para ofrecer una soluci\u00f3n pr\u00e1ctica y elegante, este recambio es ideal para asegurar un uso c\u00f3modo y seguro de su ducha.<\/p>\n<ul>\n<li>Compatibilidad universal con la mayor\u00eda de mamparas.<\/li>\n<li>Fabricado con materiales resistentes y duraderos.<\/li>\n<li>Acabado cromado de alta calidad, resistente a la corrosi\u00f3n.<\/li>\n<li>Dise\u00f1o ergon\u00f3mico para un agarre c\u00f3modo y seguro.<\/li>\n<li>Instalaci\u00f3n sencilla y r\u00e1pida.<\/li>\n<\/ul>\n<p>Este tirador no solo mejora la apertura y cierre de su mampara, sino que aporta un toque moderno a su ba\u00f1o. Su robustez garantiza una larga vida \u00fatil, evitando reemplazos frecuentes. Es perfecto para puertas correderas o abatibles, restaurando la fluidez del movimiento y la seguridad. Olv\u00eddese de las preocupaciones por la compatibilidad; nuestro dise\u00f1o universal se adapta a sus necesidades. Un componente esencial para mantener su mampara en \u00f3ptimas condiciones, asegurando un brillo duradero con f\u00e1cil limpieza. Invierta en calidad y funcionalidad.<\/p>","protected":false},"excerpt":{"rendered":"<p>Se voc\u00ea precisa de uma al\u00e7a para sua tela que n\u00e3o seja da Paba\u00f1o<\/p>\n<p>N\u00c3O SE PREOCUPE!<\/p>\n<p>Solicite &quot;Mais Informa\u00e7\u00f5es&quot; para entrar em contato com nossa equipe e detalhar todas as caracter\u00edsticas do seu puxador (marca, modelo, medidas e at\u00e9 fotos). Gra\u00e7as a essas informa\u00e7\u00f5es, podemos lhe entregar sua pe\u00e7a de reposi\u00e7\u00e3o, independentemente da marca, num piscar de olhos.<\/p>\n<a href=\"https:\/\/pabano.com\/pt\/contacto\/?producto=Repuestos\" class=\"button primary is-primary is-medium\" >\n\t\t<span>Mais informa\u00e7\u00f5es<\/span>\n\t<\/a>","protected":false},"featured_media":3861,"comment_status":"closed","ping_status":"closed","template":"","meta":[],"product_brand":[],"product_cat":[63,311],"product_tag":[],"class_list":{"0":"post-3829","1":"product","2":"type-product","3":"status-publish","4":"has-post-thumbnail","6":"product_cat-products","7":"product_cat-tiradores-mampara","9":"first","10":"onbackorder","11":"taxable","12":"shipping-taxable","13":"product-type-simple"},"_links":{"self":[{"href":"https:\/\/pabano.com\/pt\/wp-json\/wp\/v2\/product\/3829","targetHints":{"allow":["GET"]}}],"collection":[{"href":"https:\/\/pabano.com\/pt\/wp-json\/wp\/v2\/product"}],"about":[{"href":"https:\/\/pabano.com\/pt\/wp-json\/wp\/v2\/types\/product"}],"replies":[{"embeddable":true,"href":"https:\/\/pabano.com\/pt\/wp-json\/wp\/v2\/comments?post=3829"}],"wp:featuredmedia":[{"embeddable":true,"href":"https:\/\/pabano.com\/pt\/wp-json\/wp\/v2\/media\/3861"}],"wp:attachment":[{"href":"https:\/\/pabano.com\/pt\/wp-json\/wp\/v2\/media?parent=3829"}],"wp:term":[{"taxonomy":"product_brand","embeddable":true,"href":"https:\/\/pabano.com\/pt\/wp-json\/wp\/v2\/product_brand?post=3829"},{"taxonomy":"product_cat","embeddable":true,"href":"https:\/\/pabano.com\/pt\/wp-json\/wp\/v2\/product_cat?post=3829"},{"taxonomy":"product_tag","embeddable":true,"href":"https:\/\/pabano.com\/pt\/wp-json\/wp\/v2\/product_tag?post=3829"}],"curies":[{"name":"wp","href":"https:\/\/api.w.org\/{rel}","templated":true}]}}